{"id":332,"date":"2014-04-07T15:45:39","date_gmt":"2014-04-07T13:45:39","guid":{"rendered":"http:\/\/boristomschiczek.de\/?page_id=332"},"modified":"2024-04-15T18:09:02","modified_gmt":"2024-04-15T16:09:02","slug":"bestellformular","status":"publish","type":"page","link":"http:\/\/boristomschiczek.de\/index.php\/bestellformular\/","title":{"rendered":"Bestellung ONE ROOM MAN"},"content":{"rendered":"\n<div id=\"page-div-left\">\n<h2>Bestellung \/ Order<\/h2>\n<p><span style=\"font-size: small;\">ONE ROOM MAN \u2013 Kevin Coyne (DVD)<\/span><\/p>\n<\/div>\n\n\n\n<div id=\"page-div-right\">\n<figure><\/figure><p><\/p>\n<p>\u00dcber diese Email orderoneroomman(at)posteo.de k\u00f6nnen Sie die<br>DVD &#8222;ONE ROOM MAN &#8211;&nbsp; Kevin Coyne&#8220;<br>bei mir bestellen.<\/p>\n<p>Der Preis f\u00fcr eine DVD betr\u00e4gt 20<span style=\"color: #ff0000;\">,00 \u20ac<\/span><br>inkl. Versandkosten innerhalb Deutschlands.<br><span style=\"color: #888888;\">(For international orders send me an email and I will calculate shipping costs)<\/span><\/p>\n<p>Nach Absenden der Bestellungerhalten Sie von mir per E-Mail eine Vorabrechnung, sobald ich Ihre Bestellung bearbeiten kann.&nbsp; Bitte entschuldigen Sie, da\u00df dies etwas l\u00e4nger dauern k\u00f6nnte, da ich die DVDs selber vertreibe. Nach Begleichen der Vorabrechnung, sende ich Ihnen die DVD.<\/p>\n<p><span style=\"color: #888888;\">Since I distribute the DVD by myself, it may take a little time for handling your order. I ask for your patience. Thank you. You will receive an email with a preliminary invoice and request for prepayment to my account. I will ship the DVD after I receive the money.<\/span><\/p>\n<\/div>\n\n\n<div class=\"wp-block-image\">\n<figure class=\"alignleft\"><a href=\"http:\/\/boristomschiczek.de\/index.php\/kontakt\/one-room-man-dvd-2\/\" rel=\"attachment wp-att-306\"><img decoding=\"async\" loading=\"lazy\" width=\"145\" height=\"150\" src=\"http:\/\/boristomschiczek.de\/wp-content\/uploads\/2012\/04\/ONE-ROOM-MAN-DVD1-145x150.jpg\" alt=\"\" class=\"wp-image-306\" title=\"ONE ROOM MAN DVD\" srcset=\"http:\/\/boristomschiczek.de\/wp-content\/uploads\/2012\/04\/ONE-ROOM-MAN-DVD1-145x150.jpg 145w, http:\/\/boristomschiczek.de\/wp-content\/uploads\/2012\/04\/ONE-ROOM-MAN-DVD1-291x300.jpg 291w, http:\/\/boristomschiczek.de\/wp-content\/uploads\/2012\/04\/ONE-ROOM-MAN-DVD1-996x1024.jpg 996w\" sizes=\"(max-width: 145px) 100vw, 145px\" \/><\/a><\/figure><\/div>","protected":false},"excerpt":{"rendered":"<p>Bestellung \/ Order ONE ROOM MAN \u2013 Kevin Coyne (DVD) \u00dcber diese Email orderoneroomman(at)posteo.de k\u00f6nnen Sie dieDVD &#8222;ONE ROOM MAN &#8211;&nbsp; Kevin Coyne&#8220;bei mir bestellen. Der Preis f\u00fcr eine DVD betr\u00e4gt 20,00 \u20acinkl. Versandkosten innerhalb Deutschlands.(For international orders send me an email and I will calculate shipping costs) Nach Absenden der Bestellungerhalten Sie von mir [&hellip;]<\/p>\n","protected":false},"author":1,"featured_media":0,"parent":0,"menu_order":0,"comment_status":"open","ping_status":"open","template":"","meta":[],"_links":{"self":[{"href":"http:\/\/boristomschiczek.de\/index.php\/wp-json\/wp\/v2\/pages\/332"}],"collection":[{"href":"http:\/\/boristomschiczek.de\/index.php\/wp-json\/wp\/v2\/pages"}],"about":[{"href":"http:\/\/boristomschiczek.de\/index.php\/wp-json\/wp\/v2\/types\/page"}],"author":[{"embeddable":true,"href":"http:\/\/boristomschiczek.de\/index.php\/wp-json\/wp\/v2\/users\/1"}],"replies":[{"embeddable":true,"href":"http:\/\/boristomschiczek.de\/index.php\/wp-json\/wp\/v2\/comments?post=332"}],"version-history":[{"count":48,"href":"http:\/\/boristomschiczek.de\/index.php\/wp-json\/wp\/v2\/pages\/332\/revisions"}],"predecessor-version":[{"id":718,"href":"http:\/\/boristomschiczek.de\/index.php\/wp-json\/wp\/v2\/pages\/332\/revisions\/718"}],"wp:attachment":[{"href":"http:\/\/boristomschiczek.de\/index.php\/wp-json\/wp\/v2\/media?parent=332"}],"curies":[{"name":"wp","href":"https:\/\/api.w.org\/{rel}","templated":true}]}}